{"id":1106,"date":"2016-10-17T14:29:17","date_gmt":"2016-10-17T20:29:17","guid":{"rendered":"http:\/\/clinicasantalucia.com.mx\/?page_id=1106&#038;lang=en"},"modified":"2016-10-17T14:29:41","modified_gmt":"2016-10-17T20:29:41","slug":"victoria-optical-shop","status":"publish","type":"page","link":"https:\/\/www.clinicasantalucia.com.mx\/en\/victoria-optical-shop\/","title":{"rendered":"Victoria Optical Shop"},"content":{"rendered":"<p>[vc_row full_width=&#8221;&#8221; parallax=&#8221;&#8221; parallax_image=&#8221;&#8221; type=&#8221;fullwidth&#8221; overlay=&#8221;overlay-none&#8221;][vc_column width=&#8221;1\/1&#8243;]<div class=\"heading_e\"><h3>Victoria Optical Shop<\/h3><p>Know more about Victoria Optical Shop<\/p><h4><img decoding=\"async\" src=\"https:\/\/www.clinicasantalucia.com.mx\/wp-content\/themes\/medic-final\/assets\/img\/heading.png\" alt=\"heading\"><\/h4><\/div>[\/vc_column][\/vc_row][vc_row full_width=&#8221;&#8221; parallax=&#8221;&#8221; parallax_image=&#8221;&#8221; type=&#8221;fullwidth&#8221; overlay=&#8221;overlay-none&#8221;][vc_column width=&#8221;1\/6&#8243;][vc_column_text css_animation=&#8221;&#8221;]<br \/>\n[\/vc_column_text][\/vc_column][vc_column width=&#8221;2\/3&#8243;][vc_column_text]<\/p>\n<div style=\"text-align: justify;\">\n<p>At Santa Luc\u00eda Eye Clinic we strive to provide the best and most complete service to our patients. That is why we have put at your disposal our new optical shop Victoria, located within the clinic. At the shop, you will find a wide variety of ophthalmic frames, sun glasses that we can combine with your progressive lenses and contact lenses. We have the best quality frames and a wide variety of brands. You will also find pediatric frames, sports goggles for your children and accessories to complete your vision needs.<\/p>\n<p>At Victoria Optical Shop, your satisfaction is what matters the most, which is why we have a Satisfaction Guarantee for the adjustment of your progressive lenses.En Optica Victoria tu satisfacci\u00f3n es lo mas importante, por lo que contamos con Garant\u00eda de Satisfacci\u00f3n en la adaptaci\u00f3n de tus micas graduadas.<\/p>\n<\/div>\n<p>[\/vc_column_text][vc_empty_space height=&#8221;32px&#8221;][vc_gallery type=&#8221;nivo&#8221; interval=&#8221;5&#8243; images=&#8221;1046,1047,1048,1049,1050,1051,1052,1068,1069,1070&#8243; onclick=&#8221;link_image&#8221; custom_links_target=&#8221;_self&#8221; img_size=&#8221;large&#8221;][vc_empty_space height=&#8221;32px&#8221;][\/vc_column][vc_column width=&#8221;1\/6&#8243;][vc_column_text css_animation=&#8221;&#8221;]<br \/>\n[\/vc_column_text][\/vc_column][\/vc_row]<\/p>\n","protected":false},"excerpt":{"rendered":"<p>[vc_row full_width=&#8221;&#8221; parallax=&#8221;&#8221; parallax_image=&#8221;&#8221; type=&#8221;fullwidth&#8221; overlay=&#8221;overlay-none&#8221;][vc_column width=&#8221;1\/1&#8243;][\/vc_column][\/vc_row][vc_row full_width=&#8221;&#8221; parallax=&#8221;&#8221; parallax_image=&#8221;&#8221; type=&#8221;fullwidth&#8221; overlay=&#8221;overlay-none&#8221;][vc_column width=&#8221;1\/6&#8243;][vc_column_text css_animation=&#8221;&#8221;] [\/vc_column_text][\/vc_column][vc_column width=&#8221;2\/3&#8243;][vc_column_text] At Santa Luc\u00eda Eye Clinic we strive to provide the best and most complete service to our patients. That is why we have put at your disposal our new optical shop Victoria, located within the clinic. At the shop, [&hellip;]<\/p>\n","protected":false},"author":1,"featured_media":0,"parent":0,"menu_order":0,"comment_status":"closed","ping_status":"closed","template":"page-vc.php","meta":{"footnotes":""},"class_list":["post-1106","page","type-page","status-publish","hentry"],"_links":{"self":[{"href":"https:\/\/www.clinicasantalucia.com.mx\/en\/wp-json\/wp\/v2\/pages\/1106","targetHints":{"allow":["GET"]}}],"collection":[{"href":"https:\/\/www.clinicasantalucia.com.mx\/en\/wp-json\/wp\/v2\/pages"}],"about":[{"href":"https:\/\/www.clinicasantalucia.com.mx\/en\/wp-json\/wp\/v2\/types\/page"}],"author":[{"embeddable":true,"href":"https:\/\/www.clinicasantalucia.com.mx\/en\/wp-json\/wp\/v2\/users\/1"}],"replies":[{"embeddable":true,"href":"https:\/\/www.clinicasantalucia.com.mx\/en\/wp-json\/wp\/v2\/comments?post=1106"}],"version-history":[{"count":0,"href":"https:\/\/www.clinicasantalucia.com.mx\/en\/wp-json\/wp\/v2\/pages\/1106\/revisions"}],"wp:attachment":[{"href":"https:\/\/www.clinicasantalucia.com.mx\/en\/wp-json\/wp\/v2\/media?parent=1106"}],"curies":[{"name":"wp","href":"https:\/\/api.w.org\/{rel}","templated":true}]}}